{"id":5351,"date":"2023-08-10T15:03:08","date_gmt":"2023-08-10T13:03:08","guid":{"rendered":"https:\/\/www.servicemeister.org\/demo-ki-services-und-datensaetze-im-gaia-x-oekosystem-anbieten-finden-testen\/"},"modified":"2023-10-04T10:13:54","modified_gmt":"2023-10-04T08:13:54","slug":"ai-services-and-datasets-via-the-gaia-x-catalogue","status":"publish","type":"page","link":"https:\/\/www.servicemeister.org\/en\/ai-services-and-datasets-via-the-gaia-x-catalogue\/","title":{"rendered":"AI services and datasets via the Gaia-X catalogue: Offer &#8211; find &#8211; test &#8230;"},"content":{"rendered":"\n<div class=\"wp-block-columns is-layout-flex wp-container-core-columns-layout-2 wp-block-columns-is-layout-flex\">\n<div class=\"wp-block-column is-layout-flow wp-block-column-is-layout-flow\" style=\"flex-basis:100%\">\n<div class=\"wp-block-columns is-layout-flex wp-container-core-columns-layout-1 wp-block-columns-is-layout-flex\">\n<div class=\"wp-block-column is-layout-flow wp-block-column-is-layout-flow\">\n<figure class=\"wp-block-image size-full is-style-default\"><img loading=\"lazy\" decoding=\"async\" width=\"600\" height=\"635\" src=\"https:\/\/www.servicemeister.org\/wp-content\/uploads\/2023\/10\/1-Why.png\" alt=\"A catalogue based on \nGaia-X principles \u2013 why?\" class=\"wp-image-5359\" srcset=\"https:\/\/www.servicemeister.org\/wp-content\/uploads\/2023\/10\/1-Why.png 600w, https:\/\/www.servicemeister.org\/wp-content\/uploads\/2023\/10\/1-Why-283x300.png 283w\" sizes=\"(max-width: 600px) 100vw, 600px\" \/><\/figure>\n\n\n\n<h3 class=\"wp-block-heading has-gaia-x-blue-color has-white-background-color has-text-color has-background\"><strong><strong><strong><strong>Modern catalogues have to offer more than listings, description, pricing models and contacts to suppliers.<\/strong><\/strong><\/strong><\/strong><br><\/h3>\n\n\n\n<p class=\"has-luminous-vivid-orange-color has-white-background-color has-text-color has-background\"><strong><strong>This means not only testing possibilities for process suitability with suitable data, but also compliance checks by means of verifiable proof of quality and the ability to control the use of data.<\/strong><\/strong><\/p>\n\n\n\n<p class=\"has-white-background-color has-background\">The focus here is on AI applications that can support individual processes and challenges.<br><br>Once you have found the right services for your own planned procedures, the only thing standing in your way is finding the right data.<br><br>How can the functional requirements now be translated into concrete processes? This is what our demo shows! Take the opportunity now to familiarise yourself with the possibilities of Gaia-X.<\/p>\n\n\n\n<div class=\"wp-block-buttons is-layout-flex wp-block-buttons-is-layout-flex\">\n<div class=\"wp-block-button has-custom-width wp-block-button__width-100 has-custom-font-size is-style-fill\" style=\"font-size:13.5px\"><a class=\"wp-block-button__link has-background wp-element-button\" href=\"https:\/\/servicemeister.pontus-x.eu\/\" style=\"border-radius:10px;background-color:#007692\" target=\"_blank\" rel=\"noreferrer noopener\"><strong>D E M O<\/strong><\/a><\/div>\n<\/div>\n<\/div>\n\n\n\n<div class=\"wp-block-column is-layout-flow wp-block-column-is-layout-flow\">\n<figure class=\"wp-block-image size-full is-style-default\"><img loading=\"lazy\" decoding=\"async\" width=\"600\" height=\"635\" src=\"https:\/\/www.servicemeister.org\/wp-content\/uploads\/2023\/10\/2-The-federated-catalogue.png\" alt=\"The federated catalogue\" class=\"wp-image-5361\" srcset=\"https:\/\/www.servicemeister.org\/wp-content\/uploads\/2023\/10\/2-The-federated-catalogue.png 600w, https:\/\/www.servicemeister.org\/wp-content\/uploads\/2023\/10\/2-The-federated-catalogue-283x300.png 283w\" sizes=\"(max-width: 600px) 100vw, 600px\" \/><\/figure>\n\n\n\n<h3 class=\"wp-block-heading has-gaia-x-blue-color has-turquoise-background-color has-text-color has-background\"><strong><strong>Describe your AI and data services as a provider. Complete examples already exist. Test as a user with offered services and data sets.<\/strong><\/strong><\/h3>\n\n\n\n<p class=\"has-white-color has-gaia-x-blue-background-color has-text-color has-background\"><strong>Start with everything that belongs to a federation and the use of a catalogue. Here you get step-by-step instructions.<\/strong><br><br> <mark style=\"background-color:#46daff\" class=\"has-inline-color\">  &gt;<strong>Coming soon  <\/strong><\/mark> <\/p>\n\n\n\n<p class=\"has-gaia-x-blue-color has-turquoise-background-color has-text-color has-background\"><strong><strong>As a provider, <\/strong><\/strong>you can describe AI services and data sets automatically or in dialogue, integrate quality statements and store terms of use in the catalogue.<br><br><strong><strong>As a user<\/strong>, <\/strong>you can find suitable services and data sets according to your own selection criteria and can agree on their use with providers.<br><br>Authorised access and security measures are needed to use data and applications: A digital badge, permits, rules and more. This information is recorded, verified and notarised during onboarding. The greatest possible transparency with regard to the actors involved is ensured by means of unique, sovereign identities.<\/p>\n\n\n\n<div class=\"wp-block-buttons is-layout-flex wp-block-buttons-is-layout-flex\">\n<div class=\"wp-block-button has-custom-width wp-block-button__width-100 has-custom-font-size is-style-fill\" style=\"font-size:13.5px\"><a class=\"wp-block-button__link has-background wp-element-button\" href=\"https:\/\/servicemeister.pontus-x.eu\/\" style=\"border-radius:10px;background-color:#007692\" target=\"_blank\" rel=\"noreferrer noopener\"><strong>D E M O<\/strong><\/a><\/div>\n<\/div>\n\n\n\n<figure class=\"wp-block-image size-full is-style-default\"><img loading=\"lazy\" decoding=\"async\" width=\"1000\" height=\"696\" src=\"https:\/\/www.servicemeister.org\/wp-content\/uploads\/2023\/08\/Gaia-X_Logo_Standard_RGB_210401-1.png\" alt=\"Gaia-X_Logo\" class=\"wp-image-5153\" srcset=\"https:\/\/www.servicemeister.org\/wp-content\/uploads\/2023\/08\/Gaia-X_Logo_Standard_RGB_210401-1.png 1000w, https:\/\/www.servicemeister.org\/wp-content\/uploads\/2023\/08\/Gaia-X_Logo_Standard_RGB_210401-1-300x209.png 300w, https:\/\/www.servicemeister.org\/wp-content\/uploads\/2023\/08\/Gaia-X_Logo_Standard_RGB_210401-1-768x535.png 768w\" sizes=\"(max-width: 1000px) 100vw, 1000px\" \/><\/figure>\n<\/div>\n\n\n\n<div class=\"wp-block-column is-layout-flow wp-block-column-is-layout-flow\">\n<figure class=\"wp-block-image size-full is-style-default\"><img loading=\"lazy\" decoding=\"async\" width=\"600\" height=\"635\" src=\"https:\/\/www.servicemeister.org\/wp-content\/uploads\/2023\/10\/3-value-added.png\" alt=\"Exchanging data in \nvalue-added networks \n\" class=\"wp-image-5363\" srcset=\"https:\/\/www.servicemeister.org\/wp-content\/uploads\/2023\/10\/3-value-added.png 600w, https:\/\/www.servicemeister.org\/wp-content\/uploads\/2023\/10\/3-value-added-283x300.png 283w\" sizes=\"(max-width: 600px) 100vw, 600px\" \/><\/figure>\n\n\n\n<h3 class=\"wp-block-heading has-gaia-x-blue-color has-white-background-color has-text-color has-background\"><strong>Via the catalogue demo, you can explore how the Gaia-X concept can support data exchange in your value networks.<\/strong><br><\/h3>\n\n\n\n<p class=\"has-luminous-vivid-orange-color has-white-background-color has-text-color has-background\"><strong>Talk to us! Members of eco and Service-Meister receive individual advice.<\/strong><\/p>\n\n\n\n<p class=\"has-white-background-color has-background\">Not only the integrability into one&#8217;s own IT landscape, but also into existing or new value creation networks (in Gaia-X as a federation) is of high importance for business applications in cooperation with partners, suppliers, customers and many other participants in such digital ecosystems. <br><br>Not sure what Gaia-X, Gaia-X Federation Services and the concept of a decentralized ecosystem are all about? Then pay a visit to the GXFS-DE website and inform yourself by means of helpful and explanatory videos.<\/p>\n\n\n\n<div class=\"wp-block-buttons is-layout-flex wp-block-buttons-is-layout-flex\">\n<div class=\"wp-block-button has-custom-width wp-block-button__width-100 has-custom-font-size is-style-fill\" style=\"font-size:13.5px\"><a class=\"wp-block-button__link has-background wp-element-button\" href=\"https:\/\/www.gxfs.eu\/de\/videos\/\" style=\"border-radius:10px;background-color:#007692\" target=\"_blank\" rel=\"noreferrer noopener\"><strong>V I D E O S<\/strong><\/a><\/div>\n<\/div>\n\n\n\n<p> <\/p>\n<\/div>\n<\/div>\n<\/div>\n<\/div>\n","protected":false},"excerpt":{"rendered":"<p>Modern catalogues have to offer more than listings, description, pricing models and contacts to suppliers. This means not only testing possibilities for process suitability with suitable data, but also compliance checks by means of verifiable proof of quality and the ability to control the use of data. The focus here&#8230;<a class=\"sm-loop-button\" href=\"https:\/\/www.servicemeister.org\/en\/ai-services-and-datasets-via-the-gaia-x-catalogue\/\">Read More<\/a><\/p>\n","protected":false},"author":3,"featured_media":5623,"parent":0,"menu_order":0,"comment_status":"closed","ping_status":"closed","template":"","meta":{"footnotes":""},"yoast_head":"<!-- This site is optimized with the Yoast SEO plugin v21.7 - https:\/\/yoast.com\/wordpress\/plugins\/seo\/ -->\n<title>AI services and datasets via the Gaia-X catalogue: Offer - find - test ... - Service-Meister<\/title>\n<meta name=\"description\" content=\"F\u00fcr Anwender und Anbieter gibt es neue M\u00f6glichkeiten bei Anwendung der Gaia-X \u2013 Konzeption. Dezentral f\u00f6derierte Kataloge im Zusammenspiel mit souver\u00e4nen Identit\u00e4ten und Nutzung neuester Technologie. Kataloge m\u00fcssen mehr bieten als Auflistungen, Beschreibung, Preismodelle und Kontakte zu Anbietern. Mehr hei\u00dft, neben Testm\u00f6glichkeiten zu Prozesstauglichkeit mit passenden Daten, auch Compliance Pr\u00fcfungen mittels verifizierbarer G\u00fctenachweise und Kontrollf\u00e4higkeit der Datennutzung.\" \/>\n<meta name=\"robots\" content=\"index, follow, max-snippet:-1, max-image-preview:large, max-video-preview:-1\" \/>\n<link rel=\"canonical\" href=\"https:\/\/www.servicemeister.org\/en\/ai-services-and-datasets-via-the-gaia-x-catalogue\/\" \/>\n<meta property=\"og:locale\" content=\"en_US\" \/>\n<meta property=\"og:type\" content=\"article\" \/>\n<meta property=\"og:title\" content=\"AI services and datasets via the Gaia-X catalogue: Offer - find - test ... - Service-Meister\" \/>\n<meta property=\"og:description\" content=\"F\u00fcr Anwender und Anbieter gibt es neue M\u00f6glichkeiten bei Anwendung der Gaia-X \u2013 Konzeption. Dezentral f\u00f6derierte Kataloge im Zusammenspiel mit souver\u00e4nen Identit\u00e4ten und Nutzung neuester Technologie. Kataloge m\u00fcssen mehr bieten als Auflistungen, Beschreibung, Preismodelle und Kontakte zu Anbietern. Mehr hei\u00dft, neben Testm\u00f6glichkeiten zu Prozesstauglichkeit mit passenden Daten, auch Compliance Pr\u00fcfungen mittels verifizierbarer G\u00fctenachweise und Kontrollf\u00e4higkeit der Datennutzung.\" \/>\n<meta property=\"og:url\" content=\"https:\/\/www.servicemeister.org\/en\/ai-services-and-datasets-via-the-gaia-x-catalogue\/\" \/>\n<meta property=\"og:site_name\" content=\"Service-Meister\" \/>\n<meta property=\"article:modified_time\" content=\"2023-10-04T08:13:54+00:00\" \/>\n<meta property=\"og:image\" content=\"https:\/\/www.servicemeister.org\/wp-content\/uploads\/2023\/10\/1-Why.png\" \/>\n<meta name=\"twitter:card\" content=\"summary_large_image\" \/>\n<meta name=\"twitter:label1\" content=\"Est. reading time\" \/>\n\t<meta name=\"twitter:data1\" content=\"3 minutes\" \/>\n<script type=\"application\/ld+json\" class=\"yoast-schema-graph\">{\"@context\":\"https:\/\/schema.org\",\"@graph\":[{\"@type\":\"WebPage\",\"@id\":\"https:\/\/www.servicemeister.org\/en\/ai-services-and-datasets-via-the-gaia-x-catalogue\/\",\"url\":\"https:\/\/www.servicemeister.org\/en\/ai-services-and-datasets-via-the-gaia-x-catalogue\/\",\"name\":\"AI services and datasets via the Gaia-X catalogue: Offer - find - test ... - Service-Meister\",\"isPartOf\":{\"@id\":\"https:\/\/www.servicemeister.org\/#website\"},\"datePublished\":\"2023-08-10T13:03:08+00:00\",\"dateModified\":\"2023-10-04T08:13:54+00:00\",\"description\":\"F\u00fcr Anwender und Anbieter gibt es neue M\u00f6glichkeiten bei Anwendung der Gaia-X \u2013 Konzeption. Dezentral f\u00f6derierte Kataloge im Zusammenspiel mit souver\u00e4nen Identit\u00e4ten und Nutzung neuester Technologie. Kataloge m\u00fcssen mehr bieten als Auflistungen, Beschreibung, Preismodelle und Kontakte zu Anbietern. Mehr hei\u00dft, neben Testm\u00f6glichkeiten zu Prozesstauglichkeit mit passenden Daten, auch Compliance Pr\u00fcfungen mittels verifizierbarer G\u00fctenachweise und Kontrollf\u00e4higkeit der Datennutzung.\",\"breadcrumb\":{\"@id\":\"https:\/\/www.servicemeister.org\/en\/ai-services-and-datasets-via-the-gaia-x-catalogue\/#breadcrumb\"},\"inLanguage\":\"en-US\",\"potentialAction\":[{\"@type\":\"ReadAction\",\"target\":[\"https:\/\/www.servicemeister.org\/en\/ai-services-and-datasets-via-the-gaia-x-catalogue\/\"]}]},{\"@type\":\"BreadcrumbList\",\"@id\":\"https:\/\/www.servicemeister.org\/en\/ai-services-and-datasets-via-the-gaia-x-catalogue\/#breadcrumb\",\"itemListElement\":[{\"@type\":\"ListItem\",\"position\":1,\"name\":\"Startseite\",\"item\":\"https:\/\/www.servicemeister.org\/en\/\"},{\"@type\":\"ListItem\",\"position\":2,\"name\":\"AI services and datasets via the Gaia-X catalogue: Offer &#8211; find &#8211; test &#8230;\"}]},{\"@type\":\"WebSite\",\"@id\":\"https:\/\/www.servicemeister.org\/#website\",\"url\":\"https:\/\/www.servicemeister.org\/\",\"name\":\"Service-Meister\",\"description\":\"KI Service - Industrie 4.0\",\"publisher\":{\"@id\":\"https:\/\/www.servicemeister.org\/#organization\"},\"potentialAction\":[{\"@type\":\"SearchAction\",\"target\":{\"@type\":\"EntryPoint\",\"urlTemplate\":\"https:\/\/www.servicemeister.org\/?s={search_term_string}\"},\"query-input\":\"required name=search_term_string\"}],\"inLanguage\":\"en-US\"},{\"@type\":\"Organization\",\"@id\":\"https:\/\/www.servicemeister.org\/#organization\",\"name\":\"Service-Meister\",\"url\":\"https:\/\/www.servicemeister.org\/\",\"logo\":{\"@type\":\"ImageObject\",\"inLanguage\":\"en-US\",\"@id\":\"https:\/\/www.servicemeister.org\/#\/schema\/logo\/image\/\",\"url\":\"https:\/\/www.servicemeister.org\/wp-content\/uploads\/2019\/05\/cropped-ServiceMeister_Logo.jpg\",\"contentUrl\":\"https:\/\/www.servicemeister.org\/wp-content\/uploads\/2019\/05\/cropped-ServiceMeister_Logo.jpg\",\"width\":1584,\"height\":516,\"caption\":\"Service-Meister\"},\"image\":{\"@id\":\"https:\/\/www.servicemeister.org\/#\/schema\/logo\/image\/\"}}]}<\/script>\n<!-- \/ Yoast SEO plugin. -->","yoast_head_json":{"title":"AI services and datasets via the Gaia-X catalogue: Offer - find - test ... - Service-Meister","description":"F\u00fcr Anwender und Anbieter gibt es neue M\u00f6glichkeiten bei Anwendung der Gaia-X \u2013 Konzeption. Dezentral f\u00f6derierte Kataloge im Zusammenspiel mit souver\u00e4nen Identit\u00e4ten und Nutzung neuester Technologie. Kataloge m\u00fcssen mehr bieten als Auflistungen, Beschreibung, Preismodelle und Kontakte zu Anbietern. Mehr hei\u00dft, neben Testm\u00f6glichkeiten zu Prozesstauglichkeit mit passenden Daten, auch Compliance Pr\u00fcfungen mittels verifizierbarer G\u00fctenachweise und Kontrollf\u00e4higkeit der Datennutzung.","robots":{"index":"index","follow":"follow","max-snippet":"max-snippet:-1","max-image-preview":"max-image-preview:large","max-video-preview":"max-video-preview:-1"},"canonical":"https:\/\/www.servicemeister.org\/en\/ai-services-and-datasets-via-the-gaia-x-catalogue\/","og_locale":"en_US","og_type":"article","og_title":"AI services and datasets via the Gaia-X catalogue: Offer - find - test ... - Service-Meister","og_description":"F\u00fcr Anwender und Anbieter gibt es neue M\u00f6glichkeiten bei Anwendung der Gaia-X \u2013 Konzeption. Dezentral f\u00f6derierte Kataloge im Zusammenspiel mit souver\u00e4nen Identit\u00e4ten und Nutzung neuester Technologie. Kataloge m\u00fcssen mehr bieten als Auflistungen, Beschreibung, Preismodelle und Kontakte zu Anbietern. Mehr hei\u00dft, neben Testm\u00f6glichkeiten zu Prozesstauglichkeit mit passenden Daten, auch Compliance Pr\u00fcfungen mittels verifizierbarer G\u00fctenachweise und Kontrollf\u00e4higkeit der Datennutzung.","og_url":"https:\/\/www.servicemeister.org\/en\/ai-services-and-datasets-via-the-gaia-x-catalogue\/","og_site_name":"Service-Meister","article_modified_time":"2023-10-04T08:13:54+00:00","og_image":[{"url":"https:\/\/www.servicemeister.org\/wp-content\/uploads\/2023\/10\/1-Why.png"}],"twitter_card":"summary_large_image","twitter_misc":{"Est. reading time":"3 minutes"},"schema":{"@context":"https:\/\/schema.org","@graph":[{"@type":"WebPage","@id":"https:\/\/www.servicemeister.org\/en\/ai-services-and-datasets-via-the-gaia-x-catalogue\/","url":"https:\/\/www.servicemeister.org\/en\/ai-services-and-datasets-via-the-gaia-x-catalogue\/","name":"AI services and datasets via the Gaia-X catalogue: Offer - find - test ... - Service-Meister","isPartOf":{"@id":"https:\/\/www.servicemeister.org\/#website"},"datePublished":"2023-08-10T13:03:08+00:00","dateModified":"2023-10-04T08:13:54+00:00","description":"F\u00fcr Anwender und Anbieter gibt es neue M\u00f6glichkeiten bei Anwendung der Gaia-X \u2013 Konzeption. Dezentral f\u00f6derierte Kataloge im Zusammenspiel mit souver\u00e4nen Identit\u00e4ten und Nutzung neuester Technologie. Kataloge m\u00fcssen mehr bieten als Auflistungen, Beschreibung, Preismodelle und Kontakte zu Anbietern. Mehr hei\u00dft, neben Testm\u00f6glichkeiten zu Prozesstauglichkeit mit passenden Daten, auch Compliance Pr\u00fcfungen mittels verifizierbarer G\u00fctenachweise und Kontrollf\u00e4higkeit der Datennutzung.","breadcrumb":{"@id":"https:\/\/www.servicemeister.org\/en\/ai-services-and-datasets-via-the-gaia-x-catalogue\/#breadcrumb"},"inLanguage":"en-US","potentialAction":[{"@type":"ReadAction","target":["https:\/\/www.servicemeister.org\/en\/ai-services-and-datasets-via-the-gaia-x-catalogue\/"]}]},{"@type":"BreadcrumbList","@id":"https:\/\/www.servicemeister.org\/en\/ai-services-and-datasets-via-the-gaia-x-catalogue\/#breadcrumb","itemListElement":[{"@type":"ListItem","position":1,"name":"Startseite","item":"https:\/\/www.servicemeister.org\/en\/"},{"@type":"ListItem","position":2,"name":"AI services and datasets via the Gaia-X catalogue: Offer &#8211; find &#8211; test &#8230;"}]},{"@type":"WebSite","@id":"https:\/\/www.servicemeister.org\/#website","url":"https:\/\/www.servicemeister.org\/","name":"Service-Meister","description":"KI Service - Industrie 4.0","publisher":{"@id":"https:\/\/www.servicemeister.org\/#organization"},"potentialAction":[{"@type":"SearchAction","target":{"@type":"EntryPoint","urlTemplate":"https:\/\/www.servicemeister.org\/?s={search_term_string}"},"query-input":"required name=search_term_string"}],"inLanguage":"en-US"},{"@type":"Organization","@id":"https:\/\/www.servicemeister.org\/#organization","name":"Service-Meister","url":"https:\/\/www.servicemeister.org\/","logo":{"@type":"ImageObject","inLanguage":"en-US","@id":"https:\/\/www.servicemeister.org\/#\/schema\/logo\/image\/","url":"https:\/\/www.servicemeister.org\/wp-content\/uploads\/2019\/05\/cropped-ServiceMeister_Logo.jpg","contentUrl":"https:\/\/www.servicemeister.org\/wp-content\/uploads\/2019\/05\/cropped-ServiceMeister_Logo.jpg","width":1584,"height":516,"caption":"Service-Meister"},"image":{"@id":"https:\/\/www.servicemeister.org\/#\/schema\/logo\/image\/"}}]}},"_links":{"self":[{"href":"https:\/\/www.servicemeister.org\/en\/wp-json\/wp\/v2\/pages\/5351"}],"collection":[{"href":"https:\/\/www.servicemeister.org\/en\/wp-json\/wp\/v2\/pages"}],"about":[{"href":"https:\/\/www.servicemeister.org\/en\/wp-json\/wp\/v2\/types\/page"}],"author":[{"embeddable":true,"href":"https:\/\/www.servicemeister.org\/en\/wp-json\/wp\/v2\/users\/3"}],"replies":[{"embeddable":true,"href":"https:\/\/www.servicemeister.org\/en\/wp-json\/wp\/v2\/comments?post=5351"}],"version-history":[{"count":4,"href":"https:\/\/www.servicemeister.org\/en\/wp-json\/wp\/v2\/pages\/5351\/revisions"}],"predecessor-version":[{"id":5365,"href":"https:\/\/www.servicemeister.org\/en\/wp-json\/wp\/v2\/pages\/5351\/revisions\/5365"}],"wp:featuredmedia":[{"embeddable":true,"href":"https:\/\/www.servicemeister.org\/en\/wp-json\/wp\/v2\/media\/5623"}],"wp:attachment":[{"href":"https:\/\/www.servicemeister.org\/en\/wp-json\/wp\/v2\/media?parent=5351"}],"curies":[{"name":"wp","href":"https:\/\/api.w.org\/{rel}","templated":true}]}}