{"id":465,"date":"2019-06-04T10:59:03","date_gmt":"2019-06-04T08:59:03","guid":{"rendered":"https:\/\/www.servicemeister.org\/?page_id=465"},"modified":"2019-08-20T12:50:05","modified_gmt":"2019-08-20T10:50:05","slug":"assoziierte-und-netzwerkpartner","status":"publish","type":"page","link":"https:\/\/www.servicemeister.org\/en\/assoziierte-und-netzwerkpartner\/","title":{"rendered":"Assoziierte und Netzwerkpartner"},"content":{"rendered":"\n<ul class=\"wp-block-gallery aligncenter columns-3\">\n  <li class=\"blocks-gallery-item\">\n    <a href=\"https:\/\/www.basf.de\/\" title=\"BASF\">\n      <figure><img loading=\"lazy\" decoding=\"async\" width=\"200\" height=\"200\" src=\"https:\/\/www.servicemeister.org\/wp-content\/uploads\/2019\/06\/BASF-2000-1.png\" alt=\"\" data-id=\"620\" data-link=\"https:\/\/www.servicemeister.org\/assoziierte-und-netzwerkpartner\/basf-2000-2\/\" class=\"wp-image-620\" srcset=\"https:\/\/www.servicemeister.org\/wp-content\/uploads\/2019\/06\/BASF-2000-1.png 200w, https:\/\/www.servicemeister.org\/wp-content\/uploads\/2019\/06\/BASF-2000-1-150x150.png 150w\" sizes=\"(max-width: 200px) 100vw, 200px\" \/>\n      <\/figure>\n    <\/a>\n  <\/li>\n  <li class=\"blocks-gallery-item\">\n    <a href=\"https:\/\/www.isst.fraunhofer.de\/\"title=\"Das Fraunhofer-Institut f\u00fcr Software- und Systemtechnik ISST setzt Standards f\u00fcr das (kontrollierte) Teilen von Daten. Es erforscht den Wert von und den souver\u00e4nen Umgang mit Daten. Gemeinsam mit vielen Partnern aus Industrie und Politik schafft das Institut mit dem \u00bbInternational Data Space (IDS)\u00ab den gesamtwirtschaftlichen Rahmen f\u00fcr die Datennutzung, aber auch die individuelle L\u00f6sung f\u00fcr das einzelne Unternehmen.\"><figure><img loading=\"lazy\" decoding=\"async\" width=\"200\" height=\"200\" src=\"https:\/\/www.servicemeister.org\/wp-content\/uploads\/2019\/06\/Fraunhofer-200.png\" alt=\"\" data-id=\"622\" data-link=\"https:\/\/www.servicemeister.org\/assoziierte-und-netzwerkpartner\/fraunhofer-200\/\" class=\"wp-image-622\" srcset=\"https:\/\/www.servicemeister.org\/wp-content\/uploads\/2019\/06\/Fraunhofer-200.png 200w, https:\/\/www.servicemeister.org\/wp-content\/uploads\/2019\/06\/Fraunhofer-200-150x150.png 150w\" sizes=\"(max-width: 200px) 100vw, 200px\" \/>\n    <\/figure>\n  <\/li>\n  <li class=\"blocks-gallery-item\"><a href=\"http:\/\/enx.de\/\" title=\"ENX ist die gemeinsame L\u00f6sung der europ\u00e4ischen Automobilindustrie f\u00fcr den sicheren Austausch kritischer Entwicklungs-, Einkaufs-, und Produktionssteuerungsdaten.\">\n   <figure><img loading=\"lazy\" decoding=\"async\" width=\"200\" height=\"200\" src=\"https:\/\/www.servicemeister.org\/wp-content\/uploads\/2019\/06\/ENX-200.png\" alt=\"\" data-id=\"621\" data-link=\"https:\/\/www.servicemeister.org\/assoziierte-und-netzwerkpartner\/enx-200\/\" class=\"wp-image-621\" srcset=\"https:\/\/www.servicemeister.org\/wp-content\/uploads\/2019\/06\/ENX-200.png 200w, https:\/\/www.servicemeister.org\/wp-content\/uploads\/2019\/06\/ENX-200-150x150.png 150w\" sizes=\"(max-width: 200px) 100vw, 200px\" \/>\n    <\/figure>\n  <\/li>\n<\/ul>\n\n\n\n<ul class=\"wp-block-gallery aligncenter columns-3\"><li class=\"blocks-gallery-item\"><a href=\"https:\/\/www.fzi.de\/startseite\/\" title=\"Das FZI Forschungszentrum Informatik ist eine gemeinn\u00fctzige Einrichtung f\u00fcr Informatik-Anwendungsforschung und Technologietransfer.\"><figure><img loading=\"lazy\" decoding=\"async\" width=\"200\" height=\"200\" src=\"https:\/\/www.servicemeister.org\/wp-content\/uploads\/2019\/06\/FZI-200-1.png\" alt=\"\" data-id=\"624\" data-link=\"https:\/\/www.servicemeister.org\/assoziierte-und-netzwerkpartner\/fzi-200-2\/\" class=\"wp-image-624\" srcset=\"https:\/\/www.servicemeister.org\/wp-content\/uploads\/2019\/06\/FZI-200-1.png 200w, https:\/\/www.servicemeister.org\/wp-content\/uploads\/2019\/06\/FZI-200-1-150x150.png 150w\" sizes=\"(max-width: 200px) 100vw, 200px\" \/><a href=\"https:\/\/www.ibm.com\/de-de\" title=\"IBM\"><\/figure><\/li><li class=\"blocks-gallery-item\"><figure><img loading=\"lazy\" decoding=\"async\" width=\"200\" height=\"200\" src=\"https:\/\/www.servicemeister.org\/wp-content\/uploads\/2019\/06\/IBM-200.png\" alt=\"\" data-id=\"625\" data-link=\"https:\/\/www.servicemeister.org\/assoziierte-und-netzwerkpartner\/ibm-200\/\" class=\"wp-image-625\" srcset=\"https:\/\/www.servicemeister.org\/wp-content\/uploads\/2019\/06\/IBM-200.png 200w, https:\/\/www.servicemeister.org\/wp-content\/uploads\/2019\/06\/IBM-200-150x150.png 150w\" sizes=\"(max-width: 200px) 100vw, 200px\" \/><\/figure><\/li><li class=\"blocks-gallery-item\"> <a href=\"https:\/\/www.initiative-digital.org\/\" title=\"Wir bringen die Digitale Transformation voran \u2013 gemeinsam mit namhaften Verb\u00e4nden. Wir unterst\u00fctzen mittelst\u00e4ndische Unternehmer dabei, die Chancen der Digitalen Revolution f\u00fcr sich zu nutzen und Ihre Risiken erfolgreich zu meistern.\"><figure><img loading=\"lazy\" decoding=\"async\" width=\"200\" height=\"200\" src=\"https:\/\/www.servicemeister.org\/wp-content\/uploads\/2019\/06\/Initiative-Digital-200.png\" alt=\"\" data-id=\"626\" data-link=\"https:\/\/www.servicemeister.org\/assoziierte-und-netzwerkpartner\/initiative-digital-200\/\" class=\"wp-image-626\" srcset=\"https:\/\/www.servicemeister.org\/wp-content\/uploads\/2019\/06\/Initiative-Digital-200.png 200w, https:\/\/www.servicemeister.org\/wp-content\/uploads\/2019\/06\/Initiative-Digital-200-150x150.png 150w\" sizes=\"(max-width: 200px) 100vw, 200px\" \/><\/figure><\/li><\/ul>\n\n\n\n<ul class=\"wp-block-gallery aligncenter columns-3\"><li class=\"blocks-gallery-item\"> <a href=\"https:\/\/ki-verband.de\/\" title=\"Der KI Bundesverband setzt sich zusammen aus mehr als 160 innovativen Unternehmen, KMUs, Startups und Experten, bei denen die Entwicklung und Anwendung von Technologien auf Basis von k\u00fcnstlicher Intelligenz zentraler Gesch\u00e4ftszweck ist.\"><figure><img loading=\"lazy\" decoding=\"async\" width=\"200\" height=\"200\" src=\"https:\/\/www.servicemeister.org\/wp-content\/uploads\/2019\/06\/KI-Bundesverband-200.png\" alt=\"\" data-id=\"627\" data-link=\"https:\/\/www.servicemeister.org\/assoziierte-und-netzwerkpartner\/ki-bundesverband-200\/\" class=\"wp-image-627\" srcset=\"https:\/\/www.servicemeister.org\/wp-content\/uploads\/2019\/06\/KI-Bundesverband-200.png 200w, https:\/\/www.servicemeister.org\/wp-content\/uploads\/2019\/06\/KI-Bundesverband-200-150x150.png 150w\" sizes=\"(max-width: 200px) 100vw, 200px\" \/><a href=\"https:\/\/de.krohne.com\/de\/\" title=\"KROHNE ist ein weltweit f\u00fchrender Hersteller und Anbieter von L\u00f6sungen f\u00fcr die industrielle Prozessinstrumentierung. KROHNE Messtechnik in Duisburg ist Stammsitz der weltweiten KROHNE Gruppe und Zentrale f\u00fcr den Vertrieb in Deutschland.\"><\/figure><\/li><li class=\"blocks-gallery-item\"><figure><img loading=\"lazy\" decoding=\"async\" width=\"200\" height=\"200\" src=\"https:\/\/www.servicemeister.org\/wp-content\/uploads\/2019\/06\/Krohne-200.png\" alt=\"\" data-id=\"628\" data-link=\"https:\/\/www.servicemeister.org\/assoziierte-und-netzwerkpartner\/krohne-200\/\" class=\"wp-image-628\" srcset=\"https:\/\/www.servicemeister.org\/wp-content\/uploads\/2019\/06\/Krohne-200.png 200w, https:\/\/www.servicemeister.org\/wp-content\/uploads\/2019\/06\/Krohne-200-150x150.png 150w\" sizes=\"(max-width: 200px) 100vw, 200px\" \/><a href=\"https:\/\/www.plansee.com\/?gclid=CjwKCAjwm4rqBRBUEiwAwaWjjOqd5u0bQtYAXey3lzgvvWIcVaC3eB2b51HOs3LHzhZAv5ZXbQ-4NBoC3RsQAvD_BwE\" title=\"Plansee ist Experte f\u00fcr Komponenten aus Molybd\u00e4n, Wolfram, Tantal, Niob und Chrom. Ob in der Elektronik, der Beschichtungs\u00adtechnik oder in Hoch\u00adtemperatur\u00f6fen: wo herk\u00f6mmliche Metalle an ihre Grenze sto\u00dfen, kommen hoch\u00adschmelzende Metalle, Legierungen und Verbund\u00adwerk\u00adstoffe von Plansee ins Spiel.\"><\/figure><\/li><li class=\"blocks-gallery-item\"><figure><img loading=\"lazy\" decoding=\"async\" width=\"200\" height=\"200\" src=\"https:\/\/www.servicemeister.org\/wp-content\/uploads\/2019\/06\/Plansee-200.png\" alt=\"\" data-id=\"629\" data-link=\"https:\/\/www.servicemeister.org\/assoziierte-und-netzwerkpartner\/plansee-200\/\" class=\"wp-image-629\" srcset=\"https:\/\/www.servicemeister.org\/wp-content\/uploads\/2019\/06\/Plansee-200.png 200w, https:\/\/www.servicemeister.org\/wp-content\/uploads\/2019\/06\/Plansee-200-150x150.png 150w\" sizes=\"(max-width: 200px) 100vw, 200px\" \/><\/figure><\/li><\/ul>\n\n\n\n<ul class=\"wp-block-gallery aligncenter columns-3\"><li class=\"blocks-gallery-item\"><a href=\"https:\/\/www.telehouse-rechenzentrum.de\/\" title=\"Telehouse stellt weltweit Premium Rechenzentren und Netzwerkanbindungen zur Verf\u00fcgung, die zusammen mit dem Management von IKT-L\u00f6sungen eine sichere und leistungsf\u00e4hige Plattform f\u00fcr gesch\u00e4ftskritische IT-Systeme und -L\u00f6sungen schaffen.\"><figure><img loading=\"lazy\" decoding=\"async\" width=\"200\" height=\"200\" src=\"https:\/\/www.servicemeister.org\/wp-content\/uploads\/2019\/06\/Telehouse-200.png\" alt=\"\" data-id=\"630\" data-link=\"https:\/\/www.servicemeister.org\/assoziierte-und-netzwerkpartner\/telehouse-200\/\" class=\"wp-image-630\" srcset=\"https:\/\/www.servicemeister.org\/wp-content\/uploads\/2019\/06\/Telehouse-200.png 200w, https:\/\/www.servicemeister.org\/wp-content\/uploads\/2019\/06\/Telehouse-200-150x150.png 150w\" sizes=\"(max-width: 200px) 100vw, 200px\" \/><\/figure><\/li><li class=\"blocks-gallery-item\"><a href=\"https:\/\/www.trelleborg.com\/en\" title=\"Trelleborg ist ein weltweit f\u00fchrender Anbieter von kunststofftechnischen L\u00f6sungen f\u00fcr Abdichtung, D\u00e4mpfung und Schutz kritischer Anwendungen in anspruchsvollen Umgebungen f\u00fcr Kunden in den verschiedensten Industrien. Unsere innovativen L\u00f6sungen sind daf\u00fcr konzipiert, die Leistung unserer Kunden in vielf\u00e4ltiger Weise zu steigern \u2013 beispielsweise durch Verbesserung der Funktionalit\u00e4t, Steigerung der Produktivit\u00e4t und das Erm\u00f6glichen von Energieeinsparungen, um nur einige zu nennen.\"><figure><img loading=\"lazy\" decoding=\"async\" width=\"200\" height=\"200\" src=\"https:\/\/www.servicemeister.org\/wp-content\/uploads\/2019\/06\/Trelleborg-200.png\" alt=\"\" data-id=\"631\" data-link=\"https:\/\/www.servicemeister.org\/assoziierte-und-netzwerkpartner\/trelleborg-200\/\" class=\"wp-image-631\" srcset=\"https:\/\/www.servicemeister.org\/wp-content\/uploads\/2019\/06\/Trelleborg-200.png 200w, https:\/\/www.servicemeister.org\/wp-content\/uploads\/2019\/06\/Trelleborg-200-150x150.png 150w\" sizes=\"(max-width: 200px) 100vw, 200px\" \/><\/figure><\/li><li class=\"blocks-gallery-item\"><a href=\"https:\/\/www.trusted-cloud.de\/de\/startseite\" title=\"Der Mitte 2015 gegr\u00fcndete Verein \u201eKompetenznetzwerk Trusted Cloud e. V.\u201c ist aus dem gleichnamigen Technologieprogramm des Bundesministeriums f\u00fcr Wirtschaft und Energie (BMWi) hervorgegangen. Ein Ergebnis des Technologieprogramms war die Entwicklung und Etablierung eines G\u00fctesiegels f\u00fcr vertrauensw\u00fcrdige Cloud Services. F\u00fcr die Entwicklung des Trusted Cloud Labels wurde das Kompetenznetzwerk Trusted Cloud vom BMWi initiiert.\"><figure><img loading=\"lazy\" decoding=\"async\" width=\"200\" height=\"200\" src=\"https:\/\/www.servicemeister.org\/wp-content\/uploads\/2019\/06\/Trusted-Cloud-200.png\" alt=\"\" data-id=\"634\" data-link=\"https:\/\/www.servicemeister.org\/assoziierte-und-netzwerkpartner\/trusted-cloud-200\/\" class=\"wp-image-634\" srcset=\"https:\/\/www.servicemeister.org\/wp-content\/uploads\/2019\/06\/Trusted-Cloud-200.png 200w, https:\/\/www.servicemeister.org\/wp-content\/uploads\/2019\/06\/Trusted-Cloud-200-150x150.png 150w\" sizes=\"(max-width: 200px) 100vw, 200px\" \/><\/figure><\/li><\/ul>\n\n\n\n<div class=\"wp-block-image\"><figure class=\"aligncenter\"><img loading=\"lazy\" decoding=\"async\" width=\"200\" height=\"200\" src=\"https:\/\/www.servicemeister.org\/wp-content\/uploads\/2019\/06\/VOICE-200.png\" alt=\"\" class=\"wp-image-632\" srcset=\"https:\/\/www.servicemeister.org\/wp-content\/uploads\/2019\/06\/VOICE-200.png 200w, https:\/\/www.servicemeister.org\/wp-content\/uploads\/2019\/06\/VOICE-200-150x150.png 150w\" sizes=\"(max-width: 200px) 100vw, 200px\" \/><a href=\"https:\/\/voice-ev.org\/\" title=\"Mit \u00fcber 400 Mitgliedern ist VOICE heute die gr\u00f6\u00dfte Vertretung von Digital-Entscheidern der Anwenderseite im deutschsprachigen Raum. Sie repr\u00e4sentieren einen Querschnitt aus DAX-, MDAX- und mittelst\u00e4ndischen Unternehmen. Als Netzwerk bringt der Bundesverband Entscheidungstr\u00e4ger in Sachen IT und Digital Business f\u00fchrender Unternehmen unterschiedlichster Gr\u00f6\u00dfe und Branchen zusammen \u2013 in Formaten wie Roundtables und Fachworkshops, aber auch virtuell auf einer exklusiven Online-Plattform.\"><\/figure><\/div>\n","protected":false},"excerpt":{"rendered":"","protected":false},"author":3,"featured_media":0,"parent":0,"menu_order":0,"comment_status":"closed","ping_status":"closed","template":"","meta":{"footnotes":""},"yoast_head":"<!-- This site is optimized with the Yoast SEO plugin v21.7 - https:\/\/yoast.com\/wordpress\/plugins\/seo\/ -->\n<title>Assoziierte und Netzwerkpartner - Service-Meister<\/title>\n<meta name=\"robots\" content=\"index, follow, max-snippet:-1, max-image-preview:large, max-video-preview:-1\" \/>\n<link rel=\"canonical\" href=\"https:\/\/www.servicemeister.org\/assoziierte-und-netzwerkpartner\/\" \/>\n<meta property=\"og:locale\" content=\"en_US\" \/>\n<meta property=\"og:type\" content=\"article\" \/>\n<meta property=\"og:title\" content=\"Assoziierte und Netzwerkpartner - Service-Meister\" \/>\n<meta property=\"og:url\" content=\"https:\/\/www.servicemeister.org\/assoziierte-und-netzwerkpartner\/\" \/>\n<meta property=\"og:site_name\" content=\"Service-Meister\" \/>\n<meta property=\"article:modified_time\" content=\"2019-08-20T10:50:05+00:00\" \/>\n<meta property=\"og:image\" content=\"https:\/\/www.servicemeister.org\/wp-content\/uploads\/2019\/06\/BASF-2000-1.png\" \/>\n<meta name=\"twitter:card\" content=\"summary_large_image\" \/>\n<script type=\"application\/ld+json\" class=\"yoast-schema-graph\">{\"@context\":\"https:\/\/schema.org\",\"@graph\":[{\"@type\":\"WebPage\",\"@id\":\"https:\/\/www.servicemeister.org\/assoziierte-und-netzwerkpartner\/\",\"url\":\"https:\/\/www.servicemeister.org\/assoziierte-und-netzwerkpartner\/\",\"name\":\"Assoziierte und Netzwerkpartner - Service-Meister\",\"isPartOf\":{\"@id\":\"https:\/\/www.servicemeister.org\/#website\"},\"datePublished\":\"2019-06-04T08:59:03+00:00\",\"dateModified\":\"2019-08-20T10:50:05+00:00\",\"breadcrumb\":{\"@id\":\"https:\/\/www.servicemeister.org\/assoziierte-und-netzwerkpartner\/#breadcrumb\"},\"inLanguage\":\"en-US\",\"potentialAction\":[{\"@type\":\"ReadAction\",\"target\":[\"https:\/\/www.servicemeister.org\/assoziierte-und-netzwerkpartner\/\"]}]},{\"@type\":\"BreadcrumbList\",\"@id\":\"https:\/\/www.servicemeister.org\/assoziierte-und-netzwerkpartner\/#breadcrumb\",\"itemListElement\":[{\"@type\":\"ListItem\",\"position\":1,\"name\":\"Startseite\",\"item\":\"https:\/\/www.servicemeister.org\/en\/\"},{\"@type\":\"ListItem\",\"position\":2,\"name\":\"Assoziierte und Netzwerkpartner\"}]},{\"@type\":\"WebSite\",\"@id\":\"https:\/\/www.servicemeister.org\/#website\",\"url\":\"https:\/\/www.servicemeister.org\/\",\"name\":\"Service-Meister\",\"description\":\"KI Service - Industrie 4.0\",\"publisher\":{\"@id\":\"https:\/\/www.servicemeister.org\/#organization\"},\"potentialAction\":[{\"@type\":\"SearchAction\",\"target\":{\"@type\":\"EntryPoint\",\"urlTemplate\":\"https:\/\/www.servicemeister.org\/?s={search_term_string}\"},\"query-input\":\"required name=search_term_string\"}],\"inLanguage\":\"en-US\"},{\"@type\":\"Organization\",\"@id\":\"https:\/\/www.servicemeister.org\/#organization\",\"name\":\"Service-Meister\",\"url\":\"https:\/\/www.servicemeister.org\/\",\"logo\":{\"@type\":\"ImageObject\",\"inLanguage\":\"en-US\",\"@id\":\"https:\/\/www.servicemeister.org\/#\/schema\/logo\/image\/\",\"url\":\"https:\/\/www.servicemeister.org\/wp-content\/uploads\/2019\/05\/cropped-ServiceMeister_Logo.jpg\",\"contentUrl\":\"https:\/\/www.servicemeister.org\/wp-content\/uploads\/2019\/05\/cropped-ServiceMeister_Logo.jpg\",\"width\":1584,\"height\":516,\"caption\":\"Service-Meister\"},\"image\":{\"@id\":\"https:\/\/www.servicemeister.org\/#\/schema\/logo\/image\/\"}}]}<\/script>\n<!-- \/ Yoast SEO plugin. -->","yoast_head_json":{"title":"Assoziierte und Netzwerkpartner - Service-Meister","robots":{"index":"index","follow":"follow","max-snippet":"max-snippet:-1","max-image-preview":"max-image-preview:large","max-video-preview":"max-video-preview:-1"},"canonical":"https:\/\/www.servicemeister.org\/assoziierte-und-netzwerkpartner\/","og_locale":"en_US","og_type":"article","og_title":"Assoziierte und Netzwerkpartner - Service-Meister","og_url":"https:\/\/www.servicemeister.org\/assoziierte-und-netzwerkpartner\/","og_site_name":"Service-Meister","article_modified_time":"2019-08-20T10:50:05+00:00","og_image":[{"url":"https:\/\/www.servicemeister.org\/wp-content\/uploads\/2019\/06\/BASF-2000-1.png"}],"twitter_card":"summary_large_image","schema":{"@context":"https:\/\/schema.org","@graph":[{"@type":"WebPage","@id":"https:\/\/www.servicemeister.org\/assoziierte-und-netzwerkpartner\/","url":"https:\/\/www.servicemeister.org\/assoziierte-und-netzwerkpartner\/","name":"Assoziierte und Netzwerkpartner - Service-Meister","isPartOf":{"@id":"https:\/\/www.servicemeister.org\/#website"},"datePublished":"2019-06-04T08:59:03+00:00","dateModified":"2019-08-20T10:50:05+00:00","breadcrumb":{"@id":"https:\/\/www.servicemeister.org\/assoziierte-und-netzwerkpartner\/#breadcrumb"},"inLanguage":"en-US","potentialAction":[{"@type":"ReadAction","target":["https:\/\/www.servicemeister.org\/assoziierte-und-netzwerkpartner\/"]}]},{"@type":"BreadcrumbList","@id":"https:\/\/www.servicemeister.org\/assoziierte-und-netzwerkpartner\/#breadcrumb","itemListElement":[{"@type":"ListItem","position":1,"name":"Startseite","item":"https:\/\/www.servicemeister.org\/en\/"},{"@type":"ListItem","position":2,"name":"Assoziierte und Netzwerkpartner"}]},{"@type":"WebSite","@id":"https:\/\/www.servicemeister.org\/#website","url":"https:\/\/www.servicemeister.org\/","name":"Service-Meister","description":"KI Service - Industrie 4.0","publisher":{"@id":"https:\/\/www.servicemeister.org\/#organization"},"potentialAction":[{"@type":"SearchAction","target":{"@type":"EntryPoint","urlTemplate":"https:\/\/www.servicemeister.org\/?s={search_term_string}"},"query-input":"required name=search_term_string"}],"inLanguage":"en-US"},{"@type":"Organization","@id":"https:\/\/www.servicemeister.org\/#organization","name":"Service-Meister","url":"https:\/\/www.servicemeister.org\/","logo":{"@type":"ImageObject","inLanguage":"en-US","@id":"https:\/\/www.servicemeister.org\/#\/schema\/logo\/image\/","url":"https:\/\/www.servicemeister.org\/wp-content\/uploads\/2019\/05\/cropped-ServiceMeister_Logo.jpg","contentUrl":"https:\/\/www.servicemeister.org\/wp-content\/uploads\/2019\/05\/cropped-ServiceMeister_Logo.jpg","width":1584,"height":516,"caption":"Service-Meister"},"image":{"@id":"https:\/\/www.servicemeister.org\/#\/schema\/logo\/image\/"}}]}},"_links":{"self":[{"href":"https:\/\/www.servicemeister.org\/en\/wp-json\/wp\/v2\/pages\/465"}],"collection":[{"href":"https:\/\/www.servicemeister.org\/en\/wp-json\/wp\/v2\/pages"}],"about":[{"href":"https:\/\/www.servicemeister.org\/en\/wp-json\/wp\/v2\/types\/page"}],"author":[{"embeddable":true,"href":"https:\/\/www.servicemeister.org\/en\/wp-json\/wp\/v2\/users\/3"}],"replies":[{"embeddable":true,"href":"https:\/\/www.servicemeister.org\/en\/wp-json\/wp\/v2\/comments?post=465"}],"version-history":[{"count":20,"href":"https:\/\/www.servicemeister.org\/en\/wp-json\/wp\/v2\/pages\/465\/revisions"}],"predecessor-version":[{"id":997,"href":"https:\/\/www.servicemeister.org\/en\/wp-json\/wp\/v2\/pages\/465\/revisions\/997"}],"wp:attachment":[{"href":"https:\/\/www.servicemeister.org\/en\/wp-json\/wp\/v2\/media?parent=465"}],"curies":[{"name":"wp","href":"https:\/\/api.w.org\/{rel}","templated":true}]}}