{"id":2294,"date":"2020-10-15T21:52:06","date_gmt":"2020-10-15T19:52:06","guid":{"rendered":"https:\/\/www.servicemeister.org\/?page_id=2294"},"modified":"2020-10-27T14:28:49","modified_gmt":"2020-10-27T13:28:49","slug":"umfrage-zu-ki-projekten-akzeptanz-und-plattform","status":"publish","type":"page","link":"https:\/\/www.servicemeister.org\/en\/umfrage-zu-ki-projekten-akzeptanz-und-plattform\/","title":{"rendered":"Umfrage zu KI Projekten, Akzeptanz und Plattform"},"content":{"rendered":"\n<h3 class=\"wp-block-heading\">Sie planen ein <strong>KI Projekt im technischen Service<\/strong>? Sie sind schon mitten in der Umsetzung oder Sie haben bereits Erfahrungen gemacht?<\/h3>\n\n\n\n<p>Diese Umfrage soll Ihnen und auch uns helfen, das Bewusstsein f\u00fcr die Grundvoraussetzungen, die erfolgreiche Einf\u00fchrung und den Betrieb zu sch\u00e4rfen.&nbsp;<\/p>\n\n\n\n<p>Wir wollen vergleichbare Use Cases und Priorit\u00e4ten verstehen, damit wir im n\u00e4chsten Schritt mit Ihren Priorit\u00e4ten auf das Ziel \u201ePlattform und \u00d6kosystem f\u00fcr KMU\u201c zugehen.<\/p>\n\n\n\n<p><strong>Mit der Beantwortung der Umfrage leisten Sie einen wichtigen Beitrag zur nachhaltigen F\u00f6rderung von kleinen und mittleren Unternehmen.<\/strong><\/p>\n\n\n\n<hr class=\"wp-block-separator is-style-wide\"\/>\n\n\n\n<p><strong>Die Fragenbl\u00f6cke:<\/strong><\/p>\n\n\n\n<p><strong><a href=\"https:\/\/survey.eco.de\/index.php?r=survey\/index&amp;sid=944556&amp;lang=de\" target=\"_blank\" rel=\"noreferrer noopener\">Fragen an den Service Techniker<\/a><\/strong><br>richten sich an Mitarbeiter, die die Services auf der Plattform einsetzen. Sie arbeiten im technischen Service,&nbsp;im Unternehmen, bei den Kunden, bei den Service-Eins\u00e4tzen.&nbsp;<\/p>\n\n\n\n<p><strong><a href=\"https:\/\/survey.eco.de\/index.php?r=survey\/index&amp;sid=871116&amp;lang=de\" target=\"_blank\" rel=\"noreferrer noopener\">Fragen zur KI Projekteinf\u00fchrung und Umsetzung<\/a><\/strong><br>richten sich an Business Manager \/ Product Manager \/ Product Owner<br>Mitarbeiter, die vor allem die Usability und das Gesch\u00e4ftsmodell des Produkts bzw. der Anwendung im Auge behalten.&nbsp;<\/p>\n\n\n\n<p><strong><a href=\"https:\/\/survey.eco.de\/index.php?r=survey\/index&amp;sid=179215&amp;lang=de\" target=\"_blank\" rel=\"noreferrer noopener\">Fragen zur Data Governance<\/a><\/strong><br>richten sich an IT-Projektleiter<br>Personen, die haupts\u00e4chlich f\u00fcr die Implementierung der Services und f\u00fcr die Service-Plattform&nbsp;verantwortlich und \u00fcber die technischen Details informiert sind (z.B. Dateninput)<\/p>\n\n\n\n<p><strong><a href=\"https:\/\/survey.eco.de\/index.php?r=survey\/index&amp;sid=183915&amp;lang=de\" target=\"_blank\" rel=\"noreferrer noopener\">Fragen zur Nutzung von Plattformen<\/a><\/strong><br>richten sich an IT-Projektleiter&nbsp;evtl. auch an Business Manager \/ Product Manager \/ Product Owner<br>Personen, die haupts\u00e4chlich f\u00fcr die Implementierung der Services und f\u00fcr die Service-Plattform&nbsp;verantwortlich und \u00fcber die technischen Details informiert sind. Aspekte der Usability und des Gesch\u00e4ftsmodells spielen auch eine Rolle.<\/p>\n\n\n\n<hr class=\"wp-block-separator is-style-wide\"\/>\n\n\n\n<p>Die Fragenbl\u00f6cke k\u00f6nnen Sie alle oder auch nur als Teil (1, 2, 3, 4) beantworten.<br>Mit der Angabe Ihrer E-Mail-Adresse geh\u00f6ren Sie zu den ersten, denen die Ergebnisse zur Verf\u00fcgung gestellt werden.<\/p>\n\n\n\n<p><strong>Sie haben Fragen an uns oder w\u00fcrden gerne Kontakt aufnehmen<\/strong>:<br>Christine Neubauer und Hauke Timmermann freuen sich auf Ihre Nachricht.<br>christine.neubauer(at)eco.de und hauke.timmermann(at)eco.de<\/p>\n","protected":false},"excerpt":{"rendered":"<p>Sie planen ein KI Projekt im technischen Service? Sie sind schon mitten in der Umsetzung oder Sie haben bereits Erfahrungen gemacht? Diese Umfrage soll Ihnen und auch uns helfen, das Bewusstsein f\u00fcr die Grundvoraussetzungen, die erfolgreiche Einf\u00fchrung und den Betrieb zu sch\u00e4rfen.&nbsp; Wir wollen vergleichbare Use Cases und Priorit\u00e4ten verstehen,&#8230;<a class=\"sm-loop-button\" href=\"https:\/\/www.servicemeister.org\/en\/umfrage-zu-ki-projekten-akzeptanz-und-plattform\/\">Read More<\/a><\/p>\n","protected":false},"author":3,"featured_media":2360,"parent":0,"menu_order":0,"comment_status":"closed","ping_status":"closed","template":"page-templates\/page-with-right-sidebar.php","meta":{"footnotes":""},"yoast_head":"<!-- This site is optimized with the Yoast SEO plugin v21.7 - https:\/\/yoast.com\/wordpress\/plugins\/seo\/ -->\n<title>Umfrage zu KI Projekten, Akzeptanz und Plattform - Service-Meister<\/title>\n<meta name=\"robots\" content=\"index, follow, max-snippet:-1, max-image-preview:large, max-video-preview:-1\" \/>\n<link rel=\"canonical\" href=\"https:\/\/www.servicemeister.org\/umfrage-zu-ki-projekten-akzeptanz-und-plattform\/\" \/>\n<meta property=\"og:locale\" content=\"en_US\" \/>\n<meta property=\"og:type\" content=\"article\" \/>\n<meta property=\"og:title\" content=\"Umfrage zu KI Projekten, Akzeptanz und Plattform - Service-Meister\" \/>\n<meta property=\"og:description\" content=\"Sie planen ein KI Projekt im technischen Service? Sie sind schon mitten in der Umsetzung oder Sie haben bereits Erfahrungen gemacht? Diese Umfrage soll Ihnen und auch uns helfen, das Bewusstsein f\u00fcr die Grundvoraussetzungen, die erfolgreiche Einf\u00fchrung und den Betrieb zu sch\u00e4rfen.&nbsp; Wir wollen vergleichbare Use Cases und Priorit\u00e4ten verstehen,...Read More\" \/>\n<meta property=\"og:url\" content=\"https:\/\/www.servicemeister.org\/umfrage-zu-ki-projekten-akzeptanz-und-plattform\/\" \/>\n<meta property=\"og:site_name\" content=\"Service-Meister\" \/>\n<meta property=\"article:modified_time\" content=\"2020-10-27T13:28:49+00:00\" \/>\n<meta property=\"og:image\" content=\"https:\/\/www.servicemeister.org\/wp-content\/uploads\/2020\/10\/WebPage-Umfrage-1.png\" \/>\n\t<meta property=\"og:image:width\" content=\"487\" \/>\n\t<meta property=\"og:image:height\" content=\"252\" \/>\n\t<meta property=\"og:image:type\" content=\"image\/png\" \/>\n<meta name=\"twitter:card\" content=\"summary_large_image\" \/>\n<meta name=\"twitter:label1\" content=\"Est. reading time\" \/>\n\t<meta name=\"twitter:data1\" content=\"2 minutes\" \/>\n<script type=\"application\/ld+json\" class=\"yoast-schema-graph\">{\"@context\":\"https:\/\/schema.org\",\"@graph\":[{\"@type\":\"WebPage\",\"@id\":\"https:\/\/www.servicemeister.org\/umfrage-zu-ki-projekten-akzeptanz-und-plattform\/\",\"url\":\"https:\/\/www.servicemeister.org\/umfrage-zu-ki-projekten-akzeptanz-und-plattform\/\",\"name\":\"Umfrage zu KI Projekten, Akzeptanz und Plattform - Service-Meister\",\"isPartOf\":{\"@id\":\"https:\/\/www.servicemeister.org\/#website\"},\"datePublished\":\"2020-10-15T19:52:06+00:00\",\"dateModified\":\"2020-10-27T13:28:49+00:00\",\"breadcrumb\":{\"@id\":\"https:\/\/www.servicemeister.org\/umfrage-zu-ki-projekten-akzeptanz-und-plattform\/#breadcrumb\"},\"inLanguage\":\"en-US\",\"potentialAction\":[{\"@type\":\"ReadAction\",\"target\":[\"https:\/\/www.servicemeister.org\/umfrage-zu-ki-projekten-akzeptanz-und-plattform\/\"]}]},{\"@type\":\"BreadcrumbList\",\"@id\":\"https:\/\/www.servicemeister.org\/umfrage-zu-ki-projekten-akzeptanz-und-plattform\/#breadcrumb\",\"itemListElement\":[{\"@type\":\"ListItem\",\"position\":1,\"name\":\"Startseite\",\"item\":\"https:\/\/www.servicemeister.org\/en\/\"},{\"@type\":\"ListItem\",\"position\":2,\"name\":\"Umfrage zu KI Projekten, Akzeptanz und Plattform\"}]},{\"@type\":\"WebSite\",\"@id\":\"https:\/\/www.servicemeister.org\/#website\",\"url\":\"https:\/\/www.servicemeister.org\/\",\"name\":\"Service-Meister\",\"description\":\"KI Service - Industrie 4.0\",\"publisher\":{\"@id\":\"https:\/\/www.servicemeister.org\/#organization\"},\"potentialAction\":[{\"@type\":\"SearchAction\",\"target\":{\"@type\":\"EntryPoint\",\"urlTemplate\":\"https:\/\/www.servicemeister.org\/?s={search_term_string}\"},\"query-input\":\"required name=search_term_string\"}],\"inLanguage\":\"en-US\"},{\"@type\":\"Organization\",\"@id\":\"https:\/\/www.servicemeister.org\/#organization\",\"name\":\"Service-Meister\",\"url\":\"https:\/\/www.servicemeister.org\/\",\"logo\":{\"@type\":\"ImageObject\",\"inLanguage\":\"en-US\",\"@id\":\"https:\/\/www.servicemeister.org\/#\/schema\/logo\/image\/\",\"url\":\"https:\/\/www.servicemeister.org\/wp-content\/uploads\/2019\/05\/cropped-ServiceMeister_Logo.jpg\",\"contentUrl\":\"https:\/\/www.servicemeister.org\/wp-content\/uploads\/2019\/05\/cropped-ServiceMeister_Logo.jpg\",\"width\":1584,\"height\":516,\"caption\":\"Service-Meister\"},\"image\":{\"@id\":\"https:\/\/www.servicemeister.org\/#\/schema\/logo\/image\/\"}}]}<\/script>\n<!-- \/ Yoast SEO plugin. -->","yoast_head_json":{"title":"Umfrage zu KI Projekten, Akzeptanz und Plattform - Service-Meister","robots":{"index":"index","follow":"follow","max-snippet":"max-snippet:-1","max-image-preview":"max-image-preview:large","max-video-preview":"max-video-preview:-1"},"canonical":"https:\/\/www.servicemeister.org\/umfrage-zu-ki-projekten-akzeptanz-und-plattform\/","og_locale":"en_US","og_type":"article","og_title":"Umfrage zu KI Projekten, Akzeptanz und Plattform - Service-Meister","og_description":"Sie planen ein KI Projekt im technischen Service? Sie sind schon mitten in der Umsetzung oder Sie haben bereits Erfahrungen gemacht? Diese Umfrage soll Ihnen und auch uns helfen, das Bewusstsein f\u00fcr die Grundvoraussetzungen, die erfolgreiche Einf\u00fchrung und den Betrieb zu sch\u00e4rfen.&nbsp; Wir wollen vergleichbare Use Cases und Priorit\u00e4ten verstehen,...Read More","og_url":"https:\/\/www.servicemeister.org\/umfrage-zu-ki-projekten-akzeptanz-und-plattform\/","og_site_name":"Service-Meister","article_modified_time":"2020-10-27T13:28:49+00:00","og_image":[{"width":487,"height":252,"url":"https:\/\/www.servicemeister.org\/wp-content\/uploads\/2020\/10\/WebPage-Umfrage-1.png","type":"image\/png"}],"twitter_card":"summary_large_image","twitter_misc":{"Est. reading time":"2 minutes"},"schema":{"@context":"https:\/\/schema.org","@graph":[{"@type":"WebPage","@id":"https:\/\/www.servicemeister.org\/umfrage-zu-ki-projekten-akzeptanz-und-plattform\/","url":"https:\/\/www.servicemeister.org\/umfrage-zu-ki-projekten-akzeptanz-und-plattform\/","name":"Umfrage zu KI Projekten, Akzeptanz und Plattform - Service-Meister","isPartOf":{"@id":"https:\/\/www.servicemeister.org\/#website"},"datePublished":"2020-10-15T19:52:06+00:00","dateModified":"2020-10-27T13:28:49+00:00","breadcrumb":{"@id":"https:\/\/www.servicemeister.org\/umfrage-zu-ki-projekten-akzeptanz-und-plattform\/#breadcrumb"},"inLanguage":"en-US","potentialAction":[{"@type":"ReadAction","target":["https:\/\/www.servicemeister.org\/umfrage-zu-ki-projekten-akzeptanz-und-plattform\/"]}]},{"@type":"BreadcrumbList","@id":"https:\/\/www.servicemeister.org\/umfrage-zu-ki-projekten-akzeptanz-und-plattform\/#breadcrumb","itemListElement":[{"@type":"ListItem","position":1,"name":"Startseite","item":"https:\/\/www.servicemeister.org\/en\/"},{"@type":"ListItem","position":2,"name":"Umfrage zu KI Projekten, Akzeptanz und Plattform"}]},{"@type":"WebSite","@id":"https:\/\/www.servicemeister.org\/#website","url":"https:\/\/www.servicemeister.org\/","name":"Service-Meister","description":"KI Service - Industrie 4.0","publisher":{"@id":"https:\/\/www.servicemeister.org\/#organization"},"potentialAction":[{"@type":"SearchAction","target":{"@type":"EntryPoint","urlTemplate":"https:\/\/www.servicemeister.org\/?s={search_term_string}"},"query-input":"required name=search_term_string"}],"inLanguage":"en-US"},{"@type":"Organization","@id":"https:\/\/www.servicemeister.org\/#organization","name":"Service-Meister","url":"https:\/\/www.servicemeister.org\/","logo":{"@type":"ImageObject","inLanguage":"en-US","@id":"https:\/\/www.servicemeister.org\/#\/schema\/logo\/image\/","url":"https:\/\/www.servicemeister.org\/wp-content\/uploads\/2019\/05\/cropped-ServiceMeister_Logo.jpg","contentUrl":"https:\/\/www.servicemeister.org\/wp-content\/uploads\/2019\/05\/cropped-ServiceMeister_Logo.jpg","width":1584,"height":516,"caption":"Service-Meister"},"image":{"@id":"https:\/\/www.servicemeister.org\/#\/schema\/logo\/image\/"}}]}},"_links":{"self":[{"href":"https:\/\/www.servicemeister.org\/en\/wp-json\/wp\/v2\/pages\/2294"}],"collection":[{"href":"https:\/\/www.servicemeister.org\/en\/wp-json\/wp\/v2\/pages"}],"about":[{"href":"https:\/\/www.servicemeister.org\/en\/wp-json\/wp\/v2\/types\/page"}],"author":[{"embeddable":true,"href":"https:\/\/www.servicemeister.org\/en\/wp-json\/wp\/v2\/users\/3"}],"replies":[{"embeddable":true,"href":"https:\/\/www.servicemeister.org\/en\/wp-json\/wp\/v2\/comments?post=2294"}],"version-history":[{"count":21,"href":"https:\/\/www.servicemeister.org\/en\/wp-json\/wp\/v2\/pages\/2294\/revisions"}],"predecessor-version":[{"id":2359,"href":"https:\/\/www.servicemeister.org\/en\/wp-json\/wp\/v2\/pages\/2294\/revisions\/2359"}],"wp:featuredmedia":[{"embeddable":true,"href":"https:\/\/www.servicemeister.org\/en\/wp-json\/wp\/v2\/media\/2360"}],"wp:attachment":[{"href":"https:\/\/www.servicemeister.org\/en\/wp-json\/wp\/v2\/media?parent=2294"}],"curies":[{"name":"wp","href":"https:\/\/api.w.org\/{rel}","templated":true}]}}