{"id":1866,"date":"2020-05-25T12:36:05","date_gmt":"2020-05-25T10:36:05","guid":{"rendered":"https:\/\/www.servicemeister.org\/?page_id=1866"},"modified":"2020-05-25T12:36:27","modified_gmt":"2020-05-25T10:36:27","slug":"newsletter-abgemeldet","status":"publish","type":"page","link":"https:\/\/www.servicemeister.org\/en\/newsletter\/newsletter-abgemeldet\/","title":{"rendered":"Newsletter abgemeldet"},"content":{"rendered":"\n<h2 class=\"wp-block-heading\">Ihr Abonnement wurde nun beendet.<\/h2>\n\n\n\n<p>Schade, dass Sie unseren Newsletter nicht mehr abonnieren m\u00f6chten. Sie haben sich erfolgreich abgemeldet &#8211; wir haben Ihre E-Mail-Adresse aus dem Verteiler gel\u00f6scht.<\/p>\n\n\n\n<p>Sollte dies ein Fehler gewesen sein, k\u00f6nnen Sie sich jederzeit unter\u00a0<a href=\"https:\/\/www.servicemeister.org\/newsletter\/\">ServiceMeister.org\/newsletter<\/a>\u00a0erneut f\u00fcr den Verteiler anmelden.<\/p>\n\n\n\n<p><\/p>\n","protected":false},"excerpt":{"rendered":"<p>Ihr Abonnement wurde nun beendet. Schade, dass Sie unseren Newsletter nicht mehr abonnieren m\u00f6chten. Sie haben sich erfolgreich abgemeldet &#8211; wir haben Ihre E-Mail-Adresse aus dem Verteiler gel\u00f6scht. Sollte dies ein Fehler gewesen sein, k\u00f6nnen Sie sich jederzeit unter\u00a0ServiceMeister.org\/newsletter\u00a0erneut f\u00fcr den Verteiler anmelden.<\/p>\n","protected":false},"author":13,"featured_media":0,"parent":350,"menu_order":0,"comment_status":"closed","ping_status":"closed","template":"","meta":{"footnotes":""},"yoast_head":"<!-- This site is optimized with the Yoast SEO plugin v21.7 - https:\/\/yoast.com\/wordpress\/plugins\/seo\/ -->\n<title>Newsletter abgemeldet - Service-Meister<\/title>\n<meta name=\"robots\" content=\"index, follow, max-snippet:-1, max-image-preview:large, max-video-preview:-1\" \/>\n<link rel=\"canonical\" href=\"https:\/\/www.servicemeister.org\/newsletter\/newsletter-abgemeldet\/\" \/>\n<meta property=\"og:locale\" content=\"en_US\" \/>\n<meta property=\"og:type\" content=\"article\" \/>\n<meta property=\"og:title\" content=\"Newsletter abgemeldet - Service-Meister\" \/>\n<meta property=\"og:description\" content=\"Ihr Abonnement wurde nun beendet. Schade, dass Sie unseren Newsletter nicht mehr abonnieren m\u00f6chten. Sie haben sich erfolgreich abgemeldet &#8211; wir haben Ihre E-Mail-Adresse aus dem Verteiler gel\u00f6scht. Sollte dies ein Fehler gewesen sein, k\u00f6nnen Sie sich jederzeit unter\u00a0ServiceMeister.org\/newsletter\u00a0erneut f\u00fcr den Verteiler anmelden.\" \/>\n<meta property=\"og:url\" content=\"https:\/\/www.servicemeister.org\/newsletter\/newsletter-abgemeldet\/\" \/>\n<meta property=\"og:site_name\" content=\"Service-Meister\" \/>\n<meta property=\"article:modified_time\" content=\"2020-05-25T10:36:27+00:00\" \/>\n<meta name=\"twitter:card\" content=\"summary_large_image\" \/>\n<script type=\"application\/ld+json\" class=\"yoast-schema-graph\">{\"@context\":\"https:\/\/schema.org\",\"@graph\":[{\"@type\":\"WebPage\",\"@id\":\"https:\/\/www.servicemeister.org\/newsletter\/newsletter-abgemeldet\/\",\"url\":\"https:\/\/www.servicemeister.org\/newsletter\/newsletter-abgemeldet\/\",\"name\":\"Newsletter abgemeldet - Service-Meister\",\"isPartOf\":{\"@id\":\"https:\/\/www.servicemeister.org\/#website\"},\"datePublished\":\"2020-05-25T10:36:05+00:00\",\"dateModified\":\"2020-05-25T10:36:27+00:00\",\"breadcrumb\":{\"@id\":\"https:\/\/www.servicemeister.org\/newsletter\/newsletter-abgemeldet\/#breadcrumb\"},\"inLanguage\":\"en-US\",\"potentialAction\":[{\"@type\":\"ReadAction\",\"target\":[\"https:\/\/www.servicemeister.org\/newsletter\/newsletter-abgemeldet\/\"]}]},{\"@type\":\"BreadcrumbList\",\"@id\":\"https:\/\/www.servicemeister.org\/newsletter\/newsletter-abgemeldet\/#breadcrumb\",\"itemListElement\":[{\"@type\":\"ListItem\",\"position\":1,\"name\":\"Startseite\",\"item\":\"https:\/\/www.servicemeister.org\/en\/\"},{\"@type\":\"ListItem\",\"position\":2,\"name\":\"Newsletter\",\"item\":\"https:\/\/www.servicemeister.org\/newsletter\/\"},{\"@type\":\"ListItem\",\"position\":3,\"name\":\"Newsletter abgemeldet\"}]},{\"@type\":\"WebSite\",\"@id\":\"https:\/\/www.servicemeister.org\/#website\",\"url\":\"https:\/\/www.servicemeister.org\/\",\"name\":\"Service-Meister\",\"description\":\"KI Service - Industrie 4.0\",\"publisher\":{\"@id\":\"https:\/\/www.servicemeister.org\/#organization\"},\"potentialAction\":[{\"@type\":\"SearchAction\",\"target\":{\"@type\":\"EntryPoint\",\"urlTemplate\":\"https:\/\/www.servicemeister.org\/?s={search_term_string}\"},\"query-input\":\"required name=search_term_string\"}],\"inLanguage\":\"en-US\"},{\"@type\":\"Organization\",\"@id\":\"https:\/\/www.servicemeister.org\/#organization\",\"name\":\"Service-Meister\",\"url\":\"https:\/\/www.servicemeister.org\/\",\"logo\":{\"@type\":\"ImageObject\",\"inLanguage\":\"en-US\",\"@id\":\"https:\/\/www.servicemeister.org\/#\/schema\/logo\/image\/\",\"url\":\"https:\/\/www.servicemeister.org\/wp-content\/uploads\/2019\/05\/cropped-ServiceMeister_Logo.jpg\",\"contentUrl\":\"https:\/\/www.servicemeister.org\/wp-content\/uploads\/2019\/05\/cropped-ServiceMeister_Logo.jpg\",\"width\":1584,\"height\":516,\"caption\":\"Service-Meister\"},\"image\":{\"@id\":\"https:\/\/www.servicemeister.org\/#\/schema\/logo\/image\/\"}}]}<\/script>\n<!-- \/ Yoast SEO plugin. -->","yoast_head_json":{"title":"Newsletter abgemeldet - Service-Meister","robots":{"index":"index","follow":"follow","max-snippet":"max-snippet:-1","max-image-preview":"max-image-preview:large","max-video-preview":"max-video-preview:-1"},"canonical":"https:\/\/www.servicemeister.org\/newsletter\/newsletter-abgemeldet\/","og_locale":"en_US","og_type":"article","og_title":"Newsletter abgemeldet - Service-Meister","og_description":"Ihr Abonnement wurde nun beendet. Schade, dass Sie unseren Newsletter nicht mehr abonnieren m\u00f6chten. Sie haben sich erfolgreich abgemeldet &#8211; wir haben Ihre E-Mail-Adresse aus dem Verteiler gel\u00f6scht. Sollte dies ein Fehler gewesen sein, k\u00f6nnen Sie sich jederzeit unter\u00a0ServiceMeister.org\/newsletter\u00a0erneut f\u00fcr den Verteiler anmelden.","og_url":"https:\/\/www.servicemeister.org\/newsletter\/newsletter-abgemeldet\/","og_site_name":"Service-Meister","article_modified_time":"2020-05-25T10:36:27+00:00","twitter_card":"summary_large_image","schema":{"@context":"https:\/\/schema.org","@graph":[{"@type":"WebPage","@id":"https:\/\/www.servicemeister.org\/newsletter\/newsletter-abgemeldet\/","url":"https:\/\/www.servicemeister.org\/newsletter\/newsletter-abgemeldet\/","name":"Newsletter abgemeldet - Service-Meister","isPartOf":{"@id":"https:\/\/www.servicemeister.org\/#website"},"datePublished":"2020-05-25T10:36:05+00:00","dateModified":"2020-05-25T10:36:27+00:00","breadcrumb":{"@id":"https:\/\/www.servicemeister.org\/newsletter\/newsletter-abgemeldet\/#breadcrumb"},"inLanguage":"en-US","potentialAction":[{"@type":"ReadAction","target":["https:\/\/www.servicemeister.org\/newsletter\/newsletter-abgemeldet\/"]}]},{"@type":"BreadcrumbList","@id":"https:\/\/www.servicemeister.org\/newsletter\/newsletter-abgemeldet\/#breadcrumb","itemListElement":[{"@type":"ListItem","position":1,"name":"Startseite","item":"https:\/\/www.servicemeister.org\/en\/"},{"@type":"ListItem","position":2,"name":"Newsletter","item":"https:\/\/www.servicemeister.org\/newsletter\/"},{"@type":"ListItem","position":3,"name":"Newsletter abgemeldet"}]},{"@type":"WebSite","@id":"https:\/\/www.servicemeister.org\/#website","url":"https:\/\/www.servicemeister.org\/","name":"Service-Meister","description":"KI Service - Industrie 4.0","publisher":{"@id":"https:\/\/www.servicemeister.org\/#organization"},"potentialAction":[{"@type":"SearchAction","target":{"@type":"EntryPoint","urlTemplate":"https:\/\/www.servicemeister.org\/?s={search_term_string}"},"query-input":"required name=search_term_string"}],"inLanguage":"en-US"},{"@type":"Organization","@id":"https:\/\/www.servicemeister.org\/#organization","name":"Service-Meister","url":"https:\/\/www.servicemeister.org\/","logo":{"@type":"ImageObject","inLanguage":"en-US","@id":"https:\/\/www.servicemeister.org\/#\/schema\/logo\/image\/","url":"https:\/\/www.servicemeister.org\/wp-content\/uploads\/2019\/05\/cropped-ServiceMeister_Logo.jpg","contentUrl":"https:\/\/www.servicemeister.org\/wp-content\/uploads\/2019\/05\/cropped-ServiceMeister_Logo.jpg","width":1584,"height":516,"caption":"Service-Meister"},"image":{"@id":"https:\/\/www.servicemeister.org\/#\/schema\/logo\/image\/"}}]}},"_links":{"self":[{"href":"https:\/\/www.servicemeister.org\/en\/wp-json\/wp\/v2\/pages\/1866"}],"collection":[{"href":"https:\/\/www.servicemeister.org\/en\/wp-json\/wp\/v2\/pages"}],"about":[{"href":"https:\/\/www.servicemeister.org\/en\/wp-json\/wp\/v2\/types\/page"}],"author":[{"embeddable":true,"href":"https:\/\/www.servicemeister.org\/en\/wp-json\/wp\/v2\/users\/13"}],"replies":[{"embeddable":true,"href":"https:\/\/www.servicemeister.org\/en\/wp-json\/wp\/v2\/comments?post=1866"}],"version-history":[{"count":1,"href":"https:\/\/www.servicemeister.org\/en\/wp-json\/wp\/v2\/pages\/1866\/revisions"}],"predecessor-version":[{"id":1868,"href":"https:\/\/www.servicemeister.org\/en\/wp-json\/wp\/v2\/pages\/1866\/revisions\/1868"}],"up":[{"embeddable":true,"href":"https:\/\/www.servicemeister.org\/en\/wp-json\/wp\/v2\/pages\/350"}],"wp:attachment":[{"href":"https:\/\/www.servicemeister.org\/en\/wp-json\/wp\/v2\/media?parent=1866"}],"curies":[{"name":"wp","href":"https:\/\/api.w.org\/{rel}","templated":true}]}}