{"id":1860,"date":"2020-05-25T12:28:03","date_gmt":"2020-05-25T10:28:03","guid":{"rendered":"https:\/\/www.servicemeister.org\/?page_id=1860"},"modified":"2020-06-05T17:29:44","modified_gmt":"2020-06-05T15:29:44","slug":"newsletter-bestellen","status":"publish","type":"page","link":"https:\/\/www.servicemeister.org\/en\/newsletter\/newsletter-bestellen\/","title":{"rendered":"Newsletter bestellen"},"content":{"rendered":"\n<p><strong>Fast geschafft \u2013 nur noch ein Schritt bis zur erfolgreichen Registrierung<\/strong><\/p>\n\n\n\n<p>Sch\u00f6n, dass Sie unseren Newsletter erhalten m\u00f6chten. Wir haben Ihnen soeben eine E-Mail geschickt. Bitte klicken Sie auf den Link in der E-Mail, um so die Anmeldung f\u00fcr den Newsletter abzuschlie\u00dfen.<\/p>\n\n\n\n<p>Vielen Dank<br>Ihr Newsletter-Team<\/p>\n\n\n\n<p class=\"has-text-align-center\"><em>ServiceMeister setzt beim Versand seiner Newsletter auf die Komplettl\u00f6sung f\u00fcr E-Mail-Marketing von<\/em><\/p>\n\n\n\n<div class=\"wp-block-image\"><figure class=\"aligncenter\"><img decoding=\"async\" src=\"https:\/\/www.eco.de\/wp-content\/uploads\/2019\/04\/Xcampaign_logo-300x75.jpg\" alt=\"Newsletter (neu)\"\/><\/figure><\/div>\n\n\n\n<p><\/p>\n","protected":false},"excerpt":{"rendered":"<p>Fast geschafft \u2013 nur noch ein Schritt bis zur erfolgreichen Registrierung Sch\u00f6n, dass Sie unseren Newsletter erhalten m\u00f6chten. Wir haben Ihnen soeben eine E-Mail geschickt. Bitte klicken Sie auf den Link in der E-Mail, um so die Anmeldung f\u00fcr den Newsletter abzuschlie\u00dfen. Vielen DankIhr Newsletter-Team ServiceMeister setzt beim Versand seiner&#8230;<a class=\"sm-loop-button\" href=\"https:\/\/www.servicemeister.org\/en\/newsletter\/newsletter-bestellen\/\">Read More<\/a><\/p>\n","protected":false},"author":13,"featured_media":0,"parent":350,"menu_order":0,"comment_status":"closed","ping_status":"closed","template":"","meta":{"footnotes":""},"yoast_head":"<!-- This site is optimized with the Yoast SEO plugin v21.7 - https:\/\/yoast.com\/wordpress\/plugins\/seo\/ -->\n<title>Newsletter bestellen - Service-Meister<\/title>\n<meta name=\"robots\" content=\"index, follow, max-snippet:-1, max-image-preview:large, max-video-preview:-1\" \/>\n<link rel=\"canonical\" href=\"https:\/\/www.servicemeister.org\/newsletter\/newsletter-bestellen\/\" \/>\n<meta property=\"og:locale\" content=\"en_US\" \/>\n<meta property=\"og:type\" content=\"article\" \/>\n<meta property=\"og:title\" content=\"Newsletter bestellen - Service-Meister\" \/>\n<meta property=\"og:description\" content=\"Fast geschafft \u2013 nur noch ein Schritt bis zur erfolgreichen Registrierung Sch\u00f6n, dass Sie unseren Newsletter erhalten m\u00f6chten. Wir haben Ihnen soeben eine E-Mail geschickt. Bitte klicken Sie auf den Link in der E-Mail, um so die Anmeldung f\u00fcr den Newsletter abzuschlie\u00dfen. Vielen DankIhr Newsletter-Team ServiceMeister setzt beim Versand seiner...Read More\" \/>\n<meta property=\"og:url\" content=\"https:\/\/www.servicemeister.org\/newsletter\/newsletter-bestellen\/\" \/>\n<meta property=\"og:site_name\" content=\"Service-Meister\" \/>\n<meta property=\"article:modified_time\" content=\"2020-06-05T15:29:44+00:00\" \/>\n<meta property=\"og:image\" content=\"https:\/\/www.eco.de\/wp-content\/uploads\/2019\/04\/Xcampaign_logo-300x75.jpg\" \/>\n<meta name=\"twitter:card\" content=\"summary_large_image\" \/>\n<script type=\"application\/ld+json\" class=\"yoast-schema-graph\">{\"@context\":\"https:\/\/schema.org\",\"@graph\":[{\"@type\":\"WebPage\",\"@id\":\"https:\/\/www.servicemeister.org\/newsletter\/newsletter-bestellen\/\",\"url\":\"https:\/\/www.servicemeister.org\/newsletter\/newsletter-bestellen\/\",\"name\":\"Newsletter bestellen - Service-Meister\",\"isPartOf\":{\"@id\":\"https:\/\/www.servicemeister.org\/#website\"},\"datePublished\":\"2020-05-25T10:28:03+00:00\",\"dateModified\":\"2020-06-05T15:29:44+00:00\",\"breadcrumb\":{\"@id\":\"https:\/\/www.servicemeister.org\/newsletter\/newsletter-bestellen\/#breadcrumb\"},\"inLanguage\":\"en-US\",\"potentialAction\":[{\"@type\":\"ReadAction\",\"target\":[\"https:\/\/www.servicemeister.org\/newsletter\/newsletter-bestellen\/\"]}]},{\"@type\":\"BreadcrumbList\",\"@id\":\"https:\/\/www.servicemeister.org\/newsletter\/newsletter-bestellen\/#breadcrumb\",\"itemListElement\":[{\"@type\":\"ListItem\",\"position\":1,\"name\":\"Startseite\",\"item\":\"https:\/\/www.servicemeister.org\/en\/\"},{\"@type\":\"ListItem\",\"position\":2,\"name\":\"Newsletter\",\"item\":\"https:\/\/www.servicemeister.org\/newsletter\/\"},{\"@type\":\"ListItem\",\"position\":3,\"name\":\"Newsletter bestellen\"}]},{\"@type\":\"WebSite\",\"@id\":\"https:\/\/www.servicemeister.org\/#website\",\"url\":\"https:\/\/www.servicemeister.org\/\",\"name\":\"Service-Meister\",\"description\":\"KI Service - Industrie 4.0\",\"publisher\":{\"@id\":\"https:\/\/www.servicemeister.org\/#organization\"},\"potentialAction\":[{\"@type\":\"SearchAction\",\"target\":{\"@type\":\"EntryPoint\",\"urlTemplate\":\"https:\/\/www.servicemeister.org\/?s={search_term_string}\"},\"query-input\":\"required name=search_term_string\"}],\"inLanguage\":\"en-US\"},{\"@type\":\"Organization\",\"@id\":\"https:\/\/www.servicemeister.org\/#organization\",\"name\":\"Service-Meister\",\"url\":\"https:\/\/www.servicemeister.org\/\",\"logo\":{\"@type\":\"ImageObject\",\"inLanguage\":\"en-US\",\"@id\":\"https:\/\/www.servicemeister.org\/#\/schema\/logo\/image\/\",\"url\":\"https:\/\/www.servicemeister.org\/wp-content\/uploads\/2019\/05\/cropped-ServiceMeister_Logo.jpg\",\"contentUrl\":\"https:\/\/www.servicemeister.org\/wp-content\/uploads\/2019\/05\/cropped-ServiceMeister_Logo.jpg\",\"width\":1584,\"height\":516,\"caption\":\"Service-Meister\"},\"image\":{\"@id\":\"https:\/\/www.servicemeister.org\/#\/schema\/logo\/image\/\"}}]}<\/script>\n<!-- \/ Yoast SEO plugin. -->","yoast_head_json":{"title":"Newsletter bestellen - Service-Meister","robots":{"index":"index","follow":"follow","max-snippet":"max-snippet:-1","max-image-preview":"max-image-preview:large","max-video-preview":"max-video-preview:-1"},"canonical":"https:\/\/www.servicemeister.org\/newsletter\/newsletter-bestellen\/","og_locale":"en_US","og_type":"article","og_title":"Newsletter bestellen - Service-Meister","og_description":"Fast geschafft \u2013 nur noch ein Schritt bis zur erfolgreichen Registrierung Sch\u00f6n, dass Sie unseren Newsletter erhalten m\u00f6chten. Wir haben Ihnen soeben eine E-Mail geschickt. Bitte klicken Sie auf den Link in der E-Mail, um so die Anmeldung f\u00fcr den Newsletter abzuschlie\u00dfen. Vielen DankIhr Newsletter-Team ServiceMeister setzt beim Versand seiner...Read More","og_url":"https:\/\/www.servicemeister.org\/newsletter\/newsletter-bestellen\/","og_site_name":"Service-Meister","article_modified_time":"2020-06-05T15:29:44+00:00","og_image":[{"url":"https:\/\/www.eco.de\/wp-content\/uploads\/2019\/04\/Xcampaign_logo-300x75.jpg"}],"twitter_card":"summary_large_image","schema":{"@context":"https:\/\/schema.org","@graph":[{"@type":"WebPage","@id":"https:\/\/www.servicemeister.org\/newsletter\/newsletter-bestellen\/","url":"https:\/\/www.servicemeister.org\/newsletter\/newsletter-bestellen\/","name":"Newsletter bestellen - Service-Meister","isPartOf":{"@id":"https:\/\/www.servicemeister.org\/#website"},"datePublished":"2020-05-25T10:28:03+00:00","dateModified":"2020-06-05T15:29:44+00:00","breadcrumb":{"@id":"https:\/\/www.servicemeister.org\/newsletter\/newsletter-bestellen\/#breadcrumb"},"inLanguage":"en-US","potentialAction":[{"@type":"ReadAction","target":["https:\/\/www.servicemeister.org\/newsletter\/newsletter-bestellen\/"]}]},{"@type":"BreadcrumbList","@id":"https:\/\/www.servicemeister.org\/newsletter\/newsletter-bestellen\/#breadcrumb","itemListElement":[{"@type":"ListItem","position":1,"name":"Startseite","item":"https:\/\/www.servicemeister.org\/en\/"},{"@type":"ListItem","position":2,"name":"Newsletter","item":"https:\/\/www.servicemeister.org\/newsletter\/"},{"@type":"ListItem","position":3,"name":"Newsletter bestellen"}]},{"@type":"WebSite","@id":"https:\/\/www.servicemeister.org\/#website","url":"https:\/\/www.servicemeister.org\/","name":"Service-Meister","description":"KI Service - Industrie 4.0","publisher":{"@id":"https:\/\/www.servicemeister.org\/#organization"},"potentialAction":[{"@type":"SearchAction","target":{"@type":"EntryPoint","urlTemplate":"https:\/\/www.servicemeister.org\/?s={search_term_string}"},"query-input":"required name=search_term_string"}],"inLanguage":"en-US"},{"@type":"Organization","@id":"https:\/\/www.servicemeister.org\/#organization","name":"Service-Meister","url":"https:\/\/www.servicemeister.org\/","logo":{"@type":"ImageObject","inLanguage":"en-US","@id":"https:\/\/www.servicemeister.org\/#\/schema\/logo\/image\/","url":"https:\/\/www.servicemeister.org\/wp-content\/uploads\/2019\/05\/cropped-ServiceMeister_Logo.jpg","contentUrl":"https:\/\/www.servicemeister.org\/wp-content\/uploads\/2019\/05\/cropped-ServiceMeister_Logo.jpg","width":1584,"height":516,"caption":"Service-Meister"},"image":{"@id":"https:\/\/www.servicemeister.org\/#\/schema\/logo\/image\/"}}]}},"_links":{"self":[{"href":"https:\/\/www.servicemeister.org\/en\/wp-json\/wp\/v2\/pages\/1860"}],"collection":[{"href":"https:\/\/www.servicemeister.org\/en\/wp-json\/wp\/v2\/pages"}],"about":[{"href":"https:\/\/www.servicemeister.org\/en\/wp-json\/wp\/v2\/types\/page"}],"author":[{"embeddable":true,"href":"https:\/\/www.servicemeister.org\/en\/wp-json\/wp\/v2\/users\/13"}],"replies":[{"embeddable":true,"href":"https:\/\/www.servicemeister.org\/en\/wp-json\/wp\/v2\/comments?post=1860"}],"version-history":[{"count":4,"href":"https:\/\/www.servicemeister.org\/en\/wp-json\/wp\/v2\/pages\/1860\/revisions"}],"predecessor-version":[{"id":1935,"href":"https:\/\/www.servicemeister.org\/en\/wp-json\/wp\/v2\/pages\/1860\/revisions\/1935"}],"up":[{"embeddable":true,"href":"https:\/\/www.servicemeister.org\/en\/wp-json\/wp\/v2\/pages\/350"}],"wp:attachment":[{"href":"https:\/\/www.servicemeister.org\/en\/wp-json\/wp\/v2\/media?parent=1860"}],"curies":[{"name":"wp","href":"https:\/\/api.w.org\/{rel}","templated":true}]}}